{"id":3844,"date":"2024-11-12T12:28:12","date_gmt":"2024-11-12T11:28:12","guid":{"rendered":"https:\/\/meine-hebammen.agency-11.com\/?page_id=3844"},"modified":"2025-05-13T11:58:09","modified_gmt":"2025-05-13T09:58:09","slug":"geburtsvorbereitung","status":"publish","type":"page","link":"https:\/\/meine-hebammen.agency-11.com\/en\/geburtsvorbereitung\/","title":{"rendered":"pregnancy"},"content":{"rendered":"<h5>\n\t\tIn der Geburtsvorbereitung geht es uns vor allem darum, dein Vertrauen zu st\u00e4rken: in die Schwangerschaft, die Geburt &#8211; und in dich selbst als zuk\u00fcnftige Mutter.\n\t<\/h5>\n        <img decoding=\"async\" role=\"img\" src=\"\/wp-content\/uploads\/2025\/05\/Key-Visual-farbe_ohne-Schrift.svg\" alt=\"Logo\" width=\"206\" height=\"auto\" \/>\n\t<a href=\"#more\">\n    <img loading=\"lazy\" decoding=\"async\" src=\"\/wp-content\/uploads\/2024\/12\/arrow-down.svg\" alt=\"more\" width=\"24\" height=\"24\" \/>\n<\/a>\n<h6>\n\t\tour services\n\t<\/h6>\n<h2>\n\t\tGeburtsvorbereitung &#8211; mit Vertrauen, Wissen und Herz\n\t<\/h2>\n\t<p>Wir begleiten dich dabei, deine eigenen Ressourcen zu entdecken und zu nutzen, damit du deinen ganz pers\u00f6nlichen, selbstbestimmten Weg in die Geburt und ins Muttersein findest.<\/p>\n<p>Auch dein Partner oder deine Partnerin ist herzlich willkommen &#8211; denn Geburt und Elternwerden sind Erlebnisse, die euch als Paar pr\u00e4gen und verbinden.<\/p>\n<p>Wenn du dich f\u00fcr uns als deine Hebammen entscheidest, bekommst du keine Betreuung von der Stange. Wir stimmen alles auf dich ab &#8211; deine Fragen, deine W\u00fcnsche, deine Situation. Vom ersten Gespr\u00e4ch an sind wir an deiner Seite &#8211; mit Erfahrung, Zeit und einem offenen Ohr.<\/p>\n<p>Wir kennen den Verlauf einer Schwangerschaft genau &#8211; die kleinen Wunder, die der K\u00f6rper vollbringt, aber auch die k\u00f6rperlichen und emotionalen Herausforderungen, die dazugeh\u00f6ren. Und wir wissen: Eine gute Vorbereitung ist mehr als Theorie &#8211; sie schafft Sicherheit, Selbstvertrauen und Raum f\u00fcr echte Vorfreude.<\/p>\n\t\t\t\t<img loading=\"lazy\" decoding=\"async\" src=\"https:\/\/meine-hebammen.agency-11.com\/wp-content\/uploads\/2025\/05\/796BBDC0-BFE8-458E-871F-821B65265EC2.jpeg\" alt=\"Schwangerschaft\" itemprop=\"image\" height=\"640\" width=\"512\" title=\"796BBDC0-BFE8-458E-871F-821B65265EC2\" onerror=\"this.style.display='none'\"  \/>\n\t<h3>H\u00e4ufig gestellte Fragen<\/h3>\n\t\t\t\t\t<a href=\"#\" id=\"fl-accordion--label-0\" tabindex=\"0\" aria-controls=\"fl-accordion--panel-0\">Lerne ich euch in der Schwangerschaft alle kennen?<\/a>\n\t\t\t\t\t\t\t\t\t\t\t<a href=\"#\" id=\"fl-accordion--icon-0\" tabindex=\"-1\"><i title=\"Expand\">Expand<\/i><\/a>\n\t\t\t\t\t<p>Beim ersten Beratungsgepr\u00e4ch zwischen der 18. und 22. Woche laut Eltern-Kind-Pass bekommst du von uns alle Informationen f\u00fcr deine individuelle Betreuung. Je nachdem, ob du dich f\u00fcr einen Vorbereitungskurs auf die Geburt entscheidest oder nicht, stimmen wir die Einzeltermine zur Schwangerenbetreuung und Geburtsvorbereitung mit dir so ab, dass du uns alle kennenlernst.<\/p>\n\t\t\t\t\t<a href=\"#\" id=\"fl-accordion--label-1\" tabindex=\"0\" aria-controls=\"fl-accordion--panel-1\">Was ben\u00f6tige ich f\u00fcr die Anmeldung zur Geburt in der Privatklinik Ragnitz oder im Privatklinikum HANSA?<\/a>\n\t\t\t\t\t\t\t\t\t\t\t<a href=\"#\" id=\"fl-accordion--icon-1\" tabindex=\"-1\"><i title=\"Expand\">Expand<\/i><\/a>\n\t\t\t\t\t<p>Du bekommst bei unserem Erstgespr\u00e4ch alle Informationen und Unterlagen f\u00fcr die Anmeldung.<\/p>\n\t\t\t\t\t<a href=\"#\" id=\"fl-accordion--label-2\" tabindex=\"0\" aria-controls=\"fl-accordion--panel-2\">Wie finde ich eine\/n Arzt*in f\u00fcr die Geburt in der Privatklinik Ragnitz oder im Privatklinikum HANSA?<\/a>\n\t\t\t\t\t\t\t\t\t\t\t<a href=\"#\" id=\"fl-accordion--icon-2\" tabindex=\"-1\"><i title=\"Expand\">Expand<\/i><\/a>\n\t\t\t\t\t<p>Gerne k\u00f6nnen wir dich informieren, wenn du noch keinen Arzt*in gefunden hast.<\/p>\n\t\t\t\t\t<a href=\"#\" id=\"fl-accordion--label-3\" tabindex=\"0\" aria-controls=\"fl-accordion--panel-3\">Wen kontaktiere ich in der Schwangerschaft wenn ich eine Frage habe?<\/a>\n\t\t\t\t\t\t\t\t\t\t\t<a href=\"#\" id=\"fl-accordion--icon-3\" tabindex=\"-1\"><i title=\"Expand\">Expand<\/i><\/a>\n\t\t\t\t\t<p>Du schaust auf unseren Bereitschaftsplan und schreibst derjenigen von uns die Bereitschaft hat eine SMS. Wir melden uns sobald wie m\u00f6glich bei dir.<\/p>","protected":false},"excerpt":{"rendered":"<p>In der Geburtsvorbereitung geht es uns vor allem darum, dein Vertrauen zu st\u00e4rken: in die Schwangerschaft, die Geburt &#8211; und in dich selbst als zuk\u00fcnftige Mutter. unsere leistungen Geburtsvorbereitung &#8211; mit Vertrauen, Wissen und Herz Wir begleiten dich dabei, deine eigenen Ressourcen zu entdecken und zu nutzen, damit du deinen ganz pers\u00f6nlichen, selbstbestimmten Weg in &#8230; <a title=\"pregnancy\" class=\"read-more\" href=\"https:\/\/meine-hebammen.agency-11.com\/en\/geburtsvorbereitung\/\" aria-label=\"Read more about Schwangerschaft\">Read more<\/a><\/p>","protected":false},"author":1,"featured_media":0,"parent":0,"menu_order":0,"comment_status":"closed","ping_status":"closed","template":"","meta":{"footnotes":""},"class_list":["post-3844","page","type-page","status-publish"],"_links":{"self":[{"href":"https:\/\/meine-hebammen.agency-11.com\/en\/wp-json\/wp\/v2\/pages\/3844","targetHints":{"allow":["GET"]}}],"collection":[{"href":"https:\/\/meine-hebammen.agency-11.com\/en\/wp-json\/wp\/v2\/pages"}],"about":[{"href":"https:\/\/meine-hebammen.agency-11.com\/en\/wp-json\/wp\/v2\/types\/page"}],"author":[{"embeddable":true,"href":"https:\/\/meine-hebammen.agency-11.com\/en\/wp-json\/wp\/v2\/users\/1"}],"replies":[{"embeddable":true,"href":"https:\/\/meine-hebammen.agency-11.com\/en\/wp-json\/wp\/v2\/comments?post=3844"}],"version-history":[{"count":8,"href":"https:\/\/meine-hebammen.agency-11.com\/en\/wp-json\/wp\/v2\/pages\/3844\/revisions"}],"predecessor-version":[{"id":5240,"href":"https:\/\/meine-hebammen.agency-11.com\/en\/wp-json\/wp\/v2\/pages\/3844\/revisions\/5240"}],"wp:attachment":[{"href":"https:\/\/meine-hebammen.agency-11.com\/en\/wp-json\/wp\/v2\/media?parent=3844"}],"curies":[{"name":"wp","href":"https:\/\/api.w.org\/{rel}","templated":true}]}}