{"id":4527,"date":"2024-12-21T11:19:24","date_gmt":"2024-12-21T10:19:24","guid":{"rendered":"https:\/\/meine-hebammen.agency-11.com\/?page_id=4527"},"modified":"2025-05-08T17:08:04","modified_gmt":"2025-05-08T15:08:04","slug":"geburtsvorbereitungskurs","status":"publish","type":"page","link":"https:\/\/meine-hebammen.agency-11.com\/en\/geburtsvorbereitungskurs\/","title":{"rendered":"Courses"},"content":{"rendered":"<h1>\n\t\tCourses\n\t<\/h1>\n<h5>\n\t\tEvery pregnancy is a very special situation for expectant parents. There are many questions, especially with the first child.\n\t<\/h5>\n        <img loading=\"lazy\" decoding=\"async\" role=\"img\" src=\"\/wp-content\/uploads\/2024\/12\/MH-icon4.svg\" alt=\"\" width=\"106\" height=\"100\" \/>\n\t<a href=\"#more\">\n    <img loading=\"lazy\" decoding=\"async\" src=\"\/wp-content\/uploads\/2024\/12\/arrow-down.svg\" alt=\"more\" width=\"24\" height=\"24\" \/>\n<\/a>\n<h6>\n\t\tour services\n\t<\/h6>\n<h2>\n\t\tKurse f\u00fcr Frauen und Paare\n\t<\/h2>\n\t<p><strong>Gut vorbereitet &#8211; mit Vertrauen und Wissen in die Geburt und Elternschaft starten<\/strong><\/p>\n<p>In unserem Geburtsvorbereitungskurs begleiten wir dich &#8211; und auf Wunsch auch deinen Partner oder deine Partnerin &#8211; auf dem Weg zur Geburt. Du erh\u00e4ltst fundiertes Wissen, praktische \u00dcbungen und Raum f\u00fcr deine Fragen. Ziel ist es, dich k\u00f6rperlich und emotional zu st\u00e4rken und gut vorbereitet in diese besondere Zeit zu gehen.<\/p>\n<h3>Kursaufbau:<\/h3>\n<p><strong>2 Einheiten \u00e0 4 Stunden<\/strong><\/p>\n<ul>\n<li><strong>1. Einheit<\/strong>: nur f\u00fcr Schwangere<\/li>\n<li><strong>2. Einheit<\/strong>: mit Partner*in<\/li>\n<\/ul>\n<h3>Inhalte:<\/h3>\n<ul>\n<li>Geburtsphasen &amp; Wehenarten<\/li>\n<li>M\u00f6glichkeiten der Geburtsvorbereitung#<\/li>\n<li>Atem- und Entspannungs\u00fcbungen<\/li>\n<li>Geb\u00e4rpositionen &amp; Geburtsverlauf<\/li>\n<li>Stillvorbereitung &amp; Wochenbett<\/li>\n<li>newborn care<\/li>\n<\/ul>\n<strong>Location<\/strong>: In unserer Ordination<br \/>\n<strong>Cost<\/strong>: \u20ac 200 pro Paar<br \/>\n<strong>Kursdaten<\/strong>: Werden laufend bekannt gegeben<br \/>\n<strong>Registration<\/strong>:<br \/>\nper E-Mail an <a href=\"mailto:pia@meine-hebammen.at\">pia@meine-hebammen.at<\/a><br \/>\noder telefonisch bei Kristine Grosch unter <strong>0699 \/ 110 62603<\/strong>\n<p>Bitte beachte: Bei weniger als vier Anmeldungen behalten wir uns vor, den Kurs abzusagen.<\/p>\n<p>&nbsp;<\/p>\n\t\t\t\t<img loading=\"lazy\" decoding=\"async\" src=\"https:\/\/meine-hebammen.agency-11.com\/wp-content\/uploads\/2025\/05\/Facetune_06-04-2025-17-06-56.jpeg\" alt=\"Geburtsvorbereitungskurs\" itemprop=\"image\" height=\"640\" width=\"480\" title=\"Facetune_06-04-2025-17-06-56\" onerror=\"this.style.display='none'\"  \/>\n\t\t\t\t<a href=\"https:\/\/meine-hebammen.agency-11.com\/wp-content\/uploads\/2024\/12\/vorberku230021-618x404-1.jpg\"  target=\"_self\" itemprop=\"url\">\n\t\t\t\t<img loading=\"lazy\" decoding=\"async\" src=\"https:\/\/meine-hebammen.agency-11.com\/wp-content\/uploads\/2024\/12\/vorberku230021-618x404-1.jpg\" alt=\"vorberku230021-618x404\" itemprop=\"image\" height=\"404\" width=\"618\" title=\"vorberku230021-618x404\" onerror=\"this.style.display='none'\"  \/>\n\t\t\t\t<\/a>\n\t\t\t\t<a href=\"https:\/\/meine-hebammen.agency-11.com\/wp-content\/uploads\/2024\/12\/vorberku230029-640x418-1.jpg\"  target=\"_self\" itemprop=\"url\">\n\t\t\t\t<img loading=\"lazy\" decoding=\"async\" src=\"https:\/\/meine-hebammen.agency-11.com\/wp-content\/uploads\/2024\/12\/vorberku230029-640x418-1.jpg\" alt=\"vorberku230029-640x418\" itemprop=\"image\" height=\"418\" width=\"640\" title=\"vorberku230029-640x418\" onerror=\"this.style.display='none'\"  \/>\n\t\t\t\t<\/a>\n\t\t\t\t<a href=\"https:\/\/meine-hebammen.agency-11.com\/wp-content\/uploads\/2024\/12\/vorberku230030-621x406-1.jpg\"  target=\"_self\" itemprop=\"url\">\n\t\t\t\t<img loading=\"lazy\" decoding=\"async\" src=\"https:\/\/meine-hebammen.agency-11.com\/wp-content\/uploads\/2024\/12\/vorberku230030-621x406-1.jpg\" alt=\"vorberku230030-621x406\" itemprop=\"image\" height=\"406\" width=\"621\" title=\"vorberku230030-621x406\" onerror=\"this.style.display='none'\"  \/>\n\t\t\t\t<\/a>\n\t\t\t\t<a href=\"https:\/\/meine-hebammen.agency-11.com\/wp-content\/uploads\/2024\/12\/vorberku230031-638x417-1.jpg\"  target=\"_self\" itemprop=\"url\">\n\t\t\t\t<img loading=\"lazy\" decoding=\"async\" src=\"https:\/\/meine-hebammen.agency-11.com\/wp-content\/uploads\/2024\/12\/vorberku230031-638x417-1.jpg\" alt=\"vorberku230031-638x417\" itemprop=\"image\" height=\"417\" width=\"638\" title=\"vorberku230031-638x417\" onerror=\"this.style.display='none'\"  \/>\n\t\t\t\t<\/a>\n\t\t\t\t<a href=\"https:\/\/meine-hebammen.agency-11.com\/wp-content\/uploads\/2024\/12\/vorberku230016-1-640x418-1.jpg\"  target=\"_self\" itemprop=\"url\">\n\t\t\t\t<img loading=\"lazy\" decoding=\"async\" src=\"https:\/\/meine-hebammen.agency-11.com\/wp-content\/uploads\/2024\/12\/vorberku230016-1-640x418-1.jpg\" alt=\"vorberku230016-1-640x418\" itemprop=\"image\" height=\"418\" width=\"640\" title=\"vorberku230016-1-640x418\" onerror=\"this.style.display='none'\"  \/>\n\t\t\t\t<\/a>\n\t\t\t\t<a href=\"https:\/\/meine-hebammen.agency-11.com\/wp-content\/uploads\/2024\/12\/vorberku230024-640x418-1.jpg\"  target=\"_self\" itemprop=\"url\">\n\t\t\t\t<img loading=\"lazy\" decoding=\"async\" src=\"https:\/\/meine-hebammen.agency-11.com\/wp-content\/uploads\/2024\/12\/vorberku230024-640x418-1.jpg\" alt=\"vorberku230024-640x418\" itemprop=\"image\" height=\"418\" width=\"640\" title=\"vorberku230024-640x418\" onerror=\"this.style.display='none'\"  \/>\n\t\t\t\t<\/a>","protected":false},"excerpt":{"rendered":"<p>Kurse Jede Schwangerschaft ist eine ganz besondere Situation f\u00fcr werdende Eltern. Vor allem beim ersten Kind stellt man sich viele Fragen. unsere leistungen Kurse f\u00fcr Frauen und Paare Gut vorbereitet &#8211; mit Vertrauen und Wissen in die Geburt und Elternschaft starten In unserem Geburtsvorbereitungskurs begleiten wir dich &#8211; und auf Wunsch auch deinen Partner oder &#8230; <a title=\"Courses\" class=\"read-more\" href=\"https:\/\/meine-hebammen.agency-11.com\/en\/geburtsvorbereitungskurs\/\" aria-label=\"Read more about Kurse\">Read more<\/a><\/p>","protected":false},"author":1,"featured_media":0,"parent":0,"menu_order":0,"comment_status":"closed","ping_status":"closed","template":"","meta":{"footnotes":""},"class_list":["post-4527","page","type-page","status-publish"],"_links":{"self":[{"href":"https:\/\/meine-hebammen.agency-11.com\/en\/wp-json\/wp\/v2\/pages\/4527","targetHints":{"allow":["GET"]}}],"collection":[{"href":"https:\/\/meine-hebammen.agency-11.com\/en\/wp-json\/wp\/v2\/pages"}],"about":[{"href":"https:\/\/meine-hebammen.agency-11.com\/en\/wp-json\/wp\/v2\/types\/page"}],"author":[{"embeddable":true,"href":"https:\/\/meine-hebammen.agency-11.com\/en\/wp-json\/wp\/v2\/users\/1"}],"replies":[{"embeddable":true,"href":"https:\/\/meine-hebammen.agency-11.com\/en\/wp-json\/wp\/v2\/comments?post=4527"}],"version-history":[{"count":8,"href":"https:\/\/meine-hebammen.agency-11.com\/en\/wp-json\/wp\/v2\/pages\/4527\/revisions"}],"predecessor-version":[{"id":5205,"href":"https:\/\/meine-hebammen.agency-11.com\/en\/wp-json\/wp\/v2\/pages\/4527\/revisions\/5205"}],"wp:attachment":[{"href":"https:\/\/meine-hebammen.agency-11.com\/en\/wp-json\/wp\/v2\/media?parent=4527"}],"curies":[{"name":"wp","href":"https:\/\/api.w.org\/{rel}","templated":true}]}}