{"id":4540,"date":"2024-12-21T11:33:04","date_gmt":"2024-12-21T10:33:04","guid":{"rendered":"https:\/\/meine-hebammen.agency-11.com\/?page_id=4540"},"modified":"2025-05-13T11:59:56","modified_gmt":"2025-05-13T09:59:56","slug":"geburt","status":"publish","type":"page","link":"https:\/\/meine-hebammen.agency-11.com\/en\/geburt\/","title":{"rendered":"Birth"},"content":{"rendered":"<h5>\n\t\tJede Geburt ist ein einzigartiges Erlebnis &#8211; f\u00fcr jede Frau, f\u00fcr jede Familie und auch f\u00fcr uns als Hebammen. Darum m\u00f6chten wir dich auch optimal betreuen: ganzheitlich und individuell, unter Ber\u00fccksichtigung deiner Vorstellungen und W\u00fcnsche.\n\t<\/h5>\n        <img loading=\"lazy\" decoding=\"async\" role=\"img\" src=\"\/wp-content\/uploads\/2024\/12\/MH-icon3.svg\" alt=\"\" width=\"106\" height=\"100\" \/>\n\t<a href=\"#more\">\n    <img loading=\"lazy\" decoding=\"async\" src=\"\/wp-content\/uploads\/2024\/12\/arrow-down.svg\" alt=\"more\" width=\"24\" height=\"24\" \/>\n<\/a>\n<h6>\n\t\tour services\n\t<\/h6>\n<h2>\n\t\tEin echtes Wunder hautnah erleben\n\t<\/h2>\n\t<p><strong>In Ruhe, Vertrauen und eigener Kraft<\/strong><\/p>\n<p>Wir begleiten dich mit unserem Wissen, aber auch mit wacher Zur\u00fcckhaltung. Manchmal bedeutet gute Betreuung: einfach da sein, beobachten, Zeit geben. Denn oft braucht es gar nicht viel &#8211; au\u00dfer Ruhe, Vertrauen und das Gef\u00fchl, gut aufgehoben zu sein.<\/p>\n<p>Ob du lieber im Vierf\u00fc\u00dflerstand, in Seitenlage oder im Wasser geb\u00e4ren m\u00f6chtest &#8211; du hast alle M\u00f6glichkeiten. Und du darfst alles ausprobieren. Denn was sich richtig anf\u00fchlt, zeigt sich oft erst im Moment selbst. Auch dein<em>e Partner<\/em>in ist herzlich willkommen &#8211; als deine vertraute Begleitung, als Ruhepol oder Kraftspender.<\/p>\n<p>Wir integrieren ihn oder sie auf Wunsch aktiv in den Geburtsprozess &#8211; etwa durch Massagen, Atembegleitung oder einfaches Dasein. Denn Geburt ist ein Miteinander.<\/p>\n<h3>Was wir dir w\u00e4hrend der Geburt bieten:<\/h3>\n<ul>\n<li>eine ruhige, gesch\u00fctzte Atmosph\u00e4re<\/li>\n<li>individuelle Unterst\u00fctzung mit Fachwissen und Empathie<\/li>\n<li>hilfreiche Geb\u00e4rpositionen, wohltuende Handgriffe und Atemtechniken<\/li>\n<li>respektvolle Begleitung auf deinem selbstbestimmten Weg<\/li>\n<li>sanfte Methoden und klare Kommunikation &#8211; auch bei medizinischen Entscheidungen<\/li>\n<li>die Sicherheit einer modernen Geburtsumgebung in der Privatklinik Ragnitz oder im Privatklinikum HANSA<\/li>\n<\/ul>\n<p>Was andere \u00fcber ihre Geburt mit uns erz\u00e4hlen, findest du hier: <a href=\"\/en\/erfahrungen\/\" rel=\"noopener\"><strong>Experiences<\/strong><\/a><\/p>\n\t\t\t\t<img loading=\"lazy\" decoding=\"async\" src=\"https:\/\/meine-hebammen.agency-11.com\/wp-content\/uploads\/2025\/05\/Mutter-mit-Baby-nach-Geburt.jpg\" alt=\"Mutter mit Baby nach Geburt\" itemprop=\"image\" height=\"640\" width=\"536\" title=\"Mutter-mit-Baby-nach-Geburt\" onerror=\"this.style.display='none'\"  \/>\n\t<h3>H\u00e4ufige Fragen zur Geburt<\/h3>\n\t\t\t\t\t<a href=\"#\" id=\"fl-accordion--label-0\" tabindex=\"0\" aria-controls=\"fl-accordion--panel-0\">Welche M\u00f6glichkeiten habe ich in der Privatklinik Ragnitz oder im Privatklinikum HANSA zu entbinden?<\/a>\n\t\t\t\t\t\t\t\t\t\t\t<a href=\"#\" id=\"fl-accordion--icon-0\" tabindex=\"-1\"><i title=\"Expand\">Expand<\/i><\/a>\n\t\t\t\t\t<p>So gut wie alle: Wassergeburt, Hocker, Vierf\u00fc\u00dfler, Seitenlage oder ganz klassisch im Bett. Wichtig ist, dass du dich wohlf\u00fchlst &#8211; du kannst unter der Geburt jederzeit Positionen wechseln und ausprobieren, was dir guttut.<\/p>\n\t\t\t\t\t<a href=\"#\" id=\"fl-accordion--label-1\" tabindex=\"0\" aria-controls=\"fl-accordion--panel-1\">Was passiert, wenn medizinische Hilfe n\u00f6tig ist?<\/a>\n\t\t\t\t\t\t\t\t\t\t\t<a href=\"#\" id=\"fl-accordion--icon-1\" tabindex=\"-1\"><i title=\"Expand\">Expand<\/i><\/a>\n\t\t\t\t\t<p>Keine Sorge &#8211; im Bedarfsfall ist alles medizinisch Notwendige vor Ort vorhanden.<\/p>\n\t\t\t\t\t<a href=\"#\" id=\"fl-accordion--label-2\" tabindex=\"0\" aria-controls=\"fl-accordion--panel-2\">Was sollte ich f\u00fcr die Geburt in den Krei\u00dfsaal mitbringen?<\/a>\n\t\t\t\t\t\t\t\t\t\t\t<a href=\"#\" id=\"fl-accordion--icon-2\" tabindex=\"-1\"><i title=\"Expand\">Expand<\/i><\/a>\n\t\t\t\t\t<ul>\n<li>Eltern-Kind-Pass<\/li>\n<li>E-Card, ausst\u00e4ndige Befunde<\/li>\n<li>Warme Wollsocken (kalte F\u00fc\u00dfe sind Wehenhemmer)<\/li>\n<li>Bequeme Kleidung<\/li>\n<li>slippers<\/li>\n<li>Haargummi bei langen Haaren<\/li>\n<li>Massage\u00f6le<\/li>\n<li>Lippenpflege<\/li>\n<li>Lieblingsmusik &#8211; du kannst dir eine Playlist erstellen &#8211; im Kreissaal haben wir Bluetooth- Boxen<\/li>\n<li>Trinkflasche um in jeder Position trinken zu k\u00f6nnen<\/li>\n<li>Energienahrung, Lutschbonbons, M\u00fcsliriegel<\/li>\n<li>\u201eBegr\u00fc\u00dfungstuch&#8220; (Woll- oder Bauchwolldecke) f\u00fcr das Baby zum Einwickeln nach der Geburt- Babys lieben Materialien die weich und nat\u00fcrlich sind<\/li>\n<\/ul>\n\t\t\t\t\t<a href=\"#\" id=\"fl-accordion--label-3\" tabindex=\"0\" aria-controls=\"fl-accordion--panel-3\">Wie viele Begleitpersonen d\u00fcrfen mit?<\/a>\n\t\t\t\t\t\t\t\t\t\t\t<a href=\"#\" id=\"fl-accordion--icon-3\" tabindex=\"-1\"><i title=\"Expand\">Expand<\/i><\/a>\n\t\t\t\t\tBei der Geburt ist eine vertraute Person an deiner Seite oft eine gro\u00dfe St\u00fctze. In einer neuen, intensiven Situation schenkt sie Sicherheit, Orientierung und das Gef\u00fchl von \u201eZuhause&#8220;.\nWie diese Begleitung aussieht, kann sich im Verlauf der Geburt ver\u00e4ndern: Mal braucht es Ruhe, sanfte Worte oder eine Massage &#8211; mal Aufmunterung, Halt oder gemeinsames Atmen.\nWichtig ist, dass ihr gemeinsam unterwegs seid &#8211; aufmerksam, achtsam und im richtigen Moment ganz einfach da.\n\t\t\t\t\t<a href=\"#\" id=\"fl-accordion--label-4\" tabindex=\"0\" aria-controls=\"fl-accordion--panel-4\">Wird bei der Geburt ein Einlauf gemacht?<\/a>\n\t\t\t\t\t\t\t\t\t\t\t<a href=\"#\" id=\"fl-accordion--icon-4\" tabindex=\"-1\"><i title=\"Expand\">Expand<\/i><\/a>\n\t\t\t\t\t<p>Nur wenn n\u00f6tig. Ein routinem\u00e4\u00dfiger Einlauf ist heute nicht mehr \u00fcblich. Sollte der Darm voll oder verstopft sein, kann ein Einlauf aber sinnvoll sein, um dem Baby mehr Platz zu geben.<\/p>","protected":false},"excerpt":{"rendered":"<p>Jede Geburt ist ein einzigartiges Erlebnis &#8211; f\u00fcr jede Frau, f\u00fcr jede Familie und auch f\u00fcr uns als Hebammen. Darum m\u00f6chten wir dich auch optimal betreuen: ganzheitlich und individuell, unter Ber\u00fccksichtigung deiner Vorstellungen und W\u00fcnsche. unsere leistungen Ein echtes Wunder hautnah erleben In Ruhe, Vertrauen und eigener Kraft Wir begleiten dich mit unserem Wissen, aber &#8230; <a title=\"Birth\" class=\"read-more\" href=\"https:\/\/meine-hebammen.agency-11.com\/en\/geburt\/\" aria-label=\"Read more about Geburt\">Read more<\/a><\/p>","protected":false},"author":1,"featured_media":0,"parent":0,"menu_order":0,"comment_status":"closed","ping_status":"closed","template":"","meta":{"footnotes":""},"class_list":["post-4540","page","type-page","status-publish"],"_links":{"self":[{"href":"https:\/\/meine-hebammen.agency-11.com\/en\/wp-json\/wp\/v2\/pages\/4540","targetHints":{"allow":["GET"]}}],"collection":[{"href":"https:\/\/meine-hebammen.agency-11.com\/en\/wp-json\/wp\/v2\/pages"}],"about":[{"href":"https:\/\/meine-hebammen.agency-11.com\/en\/wp-json\/wp\/v2\/types\/page"}],"author":[{"embeddable":true,"href":"https:\/\/meine-hebammen.agency-11.com\/en\/wp-json\/wp\/v2\/users\/1"}],"replies":[{"embeddable":true,"href":"https:\/\/meine-hebammen.agency-11.com\/en\/wp-json\/wp\/v2\/comments?post=4540"}],"version-history":[{"count":12,"href":"https:\/\/meine-hebammen.agency-11.com\/en\/wp-json\/wp\/v2\/pages\/4540\/revisions"}],"predecessor-version":[{"id":5241,"href":"https:\/\/meine-hebammen.agency-11.com\/en\/wp-json\/wp\/v2\/pages\/4540\/revisions\/5241"}],"wp:attachment":[{"href":"https:\/\/meine-hebammen.agency-11.com\/en\/wp-json\/wp\/v2\/media?parent=4540"}],"curies":[{"name":"wp","href":"https:\/\/api.w.org\/{rel}","templated":true}]}}