{"id":4549,"date":"2024-12-21T11:40:52","date_gmt":"2024-12-21T10:40:52","guid":{"rendered":"https:\/\/meine-hebammen.agency-11.com\/?page_id=4549"},"modified":"2025-05-13T12:03:03","modified_gmt":"2025-05-13T10:03:03","slug":"wochenbett","status":"publish","type":"page","link":"https:\/\/meine-hebammen.agency-11.com\/en\/wochenbett\/","title":{"rendered":"Postpartum period"},"content":{"rendered":"<h5>\n\t\tGleich nach der Geburt beginnt das Wochenbett. Das hei\u00dft, in den n\u00e4chsten sechs bis acht Wochen dreht sich alles um Stillen, Wickeln und Co &#8211; und nat\u00fcrlich auch um eine gesunde Entwicklung der Eltern-Kind-Beziehung.\n\t<\/h5>\n        <img loading=\"lazy\" decoding=\"async\" role=\"img\" src=\"\/wp-content\/uploads\/2024\/12\/MH-icon2.svg\" alt=\"\" width=\"106\" height=\"100\" \/>\n\t<a href=\"#more\">\n    <img loading=\"lazy\" decoding=\"async\" src=\"\/wp-content\/uploads\/2024\/12\/arrow-down.svg\" alt=\"more\" width=\"24\" height=\"24\" \/>\n<\/a>\n<h6>\n\t\tour services\n\t<\/h6>\n<h2>\n\t\tIndividuell betreut auch nach der Geburt\n\t<\/h2>\n\t<p><strong>Ankommen in Ruhe und Geborgenheit<\/strong><\/p>\n<p>Das Wochenbett ist eine besondere Zeit des Ankommens &#8211; f\u00fcr dich, dein Baby und euch als Familie. Jetzt geht es ums Heilen, Ausruhen und sich in aller Ruhe aufeinander einzustellen. K\u00f6rper und Seele haben viel geleistet und brauchen Zeit, um neue Balance zu finden: Hormone regulieren sich, Wunden heilen, R\u00fcckbildungsprozesse setzen ein &#8211; und auch die Geburt darf innerlich verarbeitet werden.<\/p>\n<p>Unverplante, ungest\u00f6rte Zeit f\u00f6rdert die fr\u00fche Bindung zwischen Eltern und Kind &#8211; eine Verbindung, die ein Leben lang tr\u00e4gt.<\/p>\n<h3>Station\u00e4r oder ambulant &#8211; du hast die Wahl<\/h3>\n<p>Nach der Geburt kannst du entweder station\u00e4r in der Privatklinik Ragnitz oder im Privatklinikum HANSA bleiben\u00a0oder ambulant nach Hause gehen:<\/p>\n<ul>\n<li><strong>Station\u00e4rer Aufenthalt:<\/strong> Betreuung durch das Klinikteam, Familienzimmer inklusive. Eine Begleitperson kann gegen Aufpreis mitaufgenommen werden &#8211; die Entscheidung dazu f\u00e4llt nach der Geburt.<\/li>\n<li><strong>Ambulante Geburt:<\/strong> Du kannst die Klinik innerhalb von 24 Stunden verlassen. Voraussetzung ist eine geplante Hebammenbetreuung zu Hause.<\/li>\n<\/ul>\n<p>Nach der Entlassung hast du Anspruch auf Hebammenbetreuung im h\u00e4uslichen Wochenbett. Je nach Wohnort \u00fcbernehmen wir die Betreuung in den ersten acht Wochen gern &#8211; sprich uns einfach an.<\/p>\n\t\t\t\t<img loading=\"lazy\" decoding=\"async\" src=\"https:\/\/meine-hebammen.agency-11.com\/wp-content\/uploads\/2025\/05\/Facetune_06-04-2025-17-10-30.jpeg\" alt=\"Wochenbett\" itemprop=\"image\" height=\"640\" width=\"427\" title=\"Facetune_06-04-2025-17-10-30\" onerror=\"this.style.display='none'\"  \/>\n\t<h3 data-start=\"1791\" data-end=\"1823\">H\u00e4ufige Fragen zum Wochenbett<\/h3>\n\t\t\t\t\t<a href=\"#\" id=\"fl-accordion--label-0\" tabindex=\"0\" aria-controls=\"fl-accordion--panel-0\">Was brauche ich f\u00fcr den Aufenthalt im Wochenbett in der Privatklinik Ragnitz oder im Privatklinikum HANSA?<\/a>\n\t\t\t\t\t\t\t\t\t\t\t<a href=\"#\" id=\"fl-accordion--icon-0\" tabindex=\"-1\"><i title=\"Expand\">Expand<\/i><\/a>\n\t\t\t\t\t<p>F\u00fcr das Wochenbett in der Klinik empfehlen wir dir:<\/p>\n<ul>\n<li>mother-child pass<\/li>\n<li>Bequeme Kleidung f\u00fcr dich und deine Begleitperson<\/li>\n<li>Stillunterw\u00e4sche, Toilettartikel<\/li>\n<li>Kleidung f\u00fcr den Heimweg (f\u00fcr dich und dein Baby)<\/li>\n<li>Babyschale (kann auf Wunsch auch in der Klinik bereitgestellt werden)<\/li>\n<\/ul>\n<p>Handt\u00fccher, Vorlagen und Netzh\u00f6schen bekommst du vor Ort. Stilleinlagen sind auf Anfrage erh\u00e4ltlich, und Stilltee wird dir t\u00e4glich ins Zimmer serviert.<\/p>\n<p>F\u00fcr den Aufbau nach der Geburt empfehlen wir dir Kr\u00e4uter aus der TCM &#8211; als Granulat f\u00fcr deine Wochenbetttasche. Erh\u00e4ltlich sind sie in der <strong>Salvator-Apotheke<\/strong> oder der <strong>Lebenskraft-Apotheke Mariatrost<\/strong> in Graz (Versand ist ebenfalls m\u00f6glich).<\/p>\n\t\t\t\t\t<a href=\"#\" id=\"fl-accordion--label-1\" tabindex=\"0\" aria-controls=\"fl-accordion--panel-1\">Muss ich Kleidung f\u00fcr mein Baby mit in die Privatklinik Ragnitz oder ins Privatklinikum HANSA nehmen?<\/a>\n\t\t\t\t\t\t\t\t\t\t\t<a href=\"#\" id=\"fl-accordion--icon-1\" tabindex=\"-1\"><i title=\"Expand\">Expand<\/i><\/a>\n\t\t\t\t\t<p>Nicht zwingend &#8211; die Klinik stellt Kleidung zur Verf\u00fcgung. Eine eigene Babydecke von zu Hause ist aber besonders wohltuend.<\/p>\n\t\t\t\t\t<a href=\"#\" id=\"fl-accordion--label-2\" tabindex=\"0\" aria-controls=\"fl-accordion--panel-2\">Was, wenn ich Produkte zur Brustpflege oder Wundheilung brauche?<\/a>\n\t\t\t\t\t\t\t\t\t\t\t<a href=\"#\" id=\"fl-accordion--icon-2\" tabindex=\"-1\"><i title=\"Expand\">Expand<\/i><\/a>\n\t\t\t\t\t<p>Alles Notwendige bekommst du vor Ort &#8211; vom Still\u00f6l bis zum Heilsalz f\u00fcr Dammverletzungen.<\/p>\n\t\t\t\t\t<a href=\"#\" id=\"fl-accordion--label-3\" tabindex=\"0\" aria-controls=\"fl-accordion--panel-3\">Gibt es in der Privatklinik Ragnitz oder im Privatklinikum HANSA Besuchszeiten?<\/a>\n\t\t\t\t\t\t\t\t\t\t\t<a href=\"#\" id=\"fl-accordion--icon-3\" tabindex=\"-1\"><i title=\"Expand\">Expand<\/i><\/a>\n\t\t\t\t\t<p>Nein &#8211; und das ist gut so. Die erste Zeit mit deinem Baby geh\u00f6rt nur euch. Verzichte bewusst auf zu viel Besuch &#8211; das gibt dir Ruhe zum Ankommen.<\/p>\n\t\t\t\t\t<a href=\"#\" id=\"fl-accordion--label-4\" tabindex=\"0\" aria-controls=\"fl-accordion--panel-4\">Wann kontaktiere ich die Hebamme f\u00fcr die Wochenbettbetreuung zu Hause?<\/a>\n\t\t\t\t\t\t\t\t\t\t\t<a href=\"#\" id=\"fl-accordion--icon-4\" tabindex=\"-1\"><i title=\"Expand\">Expand<\/i><\/a>\n\t\t\t\t\t<p>Sobald dein Entlassungstag feststeht. Am besten informierst du uns schon in der Schwangerschaft, ob und wann du unsere Nachbetreuung m\u00f6chtest.<\/p>\n\t\t\t\t\t<a href=\"#\" id=\"fl-accordion--label-5\" tabindex=\"0\" aria-controls=\"fl-accordion--panel-5\">Brauche ich Dokumente f\u00fcr die Geburtsurkunde?<\/a>\n\t\t\t\t\t\t\t\t\t\t\t<a href=\"#\" id=\"fl-accordion--icon-5\" tabindex=\"-1\"><i title=\"Expand\">Expand<\/i><\/a>\n\t\t\t\t\t<p>Nein, in der Klinik wird alles vorbereitet. Infos zur Beurkundung findest du hier:<br data-start=\"3017\" data-end=\"3020\" \/><a href=\"https:\/\/www.graz.at\/cms\/beitrag\/10017644\/7845097\/Geburtsurkunde_fuer_Neugeborene.html\" target=\"_new\" rel=\"noopener\" data-start=\"3023\" data-end=\"3155\">Geburtsurkunde f\u00fcr Neugeborene &#8211; Stadt Graz<\/a><\/p>\n\t\t\t\t<a href=\"https:\/\/meine-hebammen.agency-11.com\/wp-content\/uploads\/2024\/12\/GebVor01.png\"  target=\"_self\" itemprop=\"url\">\n\t\t\t\t<img loading=\"lazy\" decoding=\"async\" src=\"https:\/\/meine-hebammen.agency-11.com\/wp-content\/uploads\/2024\/12\/GebVor01.png\" alt=\"GebVor01\" itemprop=\"image\" height=\"558\" width=\"796\" title=\"GebVor01\" onerror=\"this.style.display='none'\"  \/>\n\t\t\t\t<\/a>\n\t\t\t\t<a href=\"https:\/\/meine-hebammen.agency-11.com\/wp-content\/uploads\/2024\/12\/vorbereit1.png\"  target=\"_self\" itemprop=\"url\">\n\t\t\t\t<img loading=\"lazy\" decoding=\"async\" src=\"https:\/\/meine-hebammen.agency-11.com\/wp-content\/uploads\/2024\/12\/vorbereit1.png\" alt=\"vorbereit1\" itemprop=\"image\" height=\"817\" width=\"580\" title=\"prepare1\" onerror=\"this.style.display='none'\"  \/>\n\t\t\t\t<\/a>\n\t\t\t\t<a href=\"https:\/\/meine-hebammen.agency-11.com\/wp-content\/uploads\/2024\/12\/vorbereit2.png\"  target=\"_self\" itemprop=\"url\">\n\t\t\t\t<img loading=\"lazy\" decoding=\"async\" src=\"https:\/\/meine-hebammen.agency-11.com\/wp-content\/uploads\/2024\/12\/vorbereit2.png\" alt=\"vorbereit2\" itemprop=\"image\" height=\"548\" width=\"825\" title=\"prepare2\" onerror=\"this.style.display='none'\"  \/>\n\t\t\t\t<\/a>","protected":false},"excerpt":{"rendered":"<p>Gleich nach der Geburt beginnt das Wochenbett. Das hei\u00dft, in den n\u00e4chsten sechs bis acht Wochen dreht sich alles um Stillen, Wickeln und Co &#8211; und nat\u00fcrlich auch um eine gesunde Entwicklung der Eltern-Kind-Beziehung. unsere leistungen Individuell betreut auch nach der Geburt Ankommen in Ruhe und Geborgenheit Das Wochenbett ist eine besondere Zeit des Ankommens &#8230; <a title=\"Postpartum period\" class=\"read-more\" href=\"https:\/\/meine-hebammen.agency-11.com\/en\/wochenbett\/\" aria-label=\"Read more about Wochenbett\">Read more<\/a><\/p>","protected":false},"author":1,"featured_media":0,"parent":0,"menu_order":0,"comment_status":"closed","ping_status":"closed","template":"","meta":{"footnotes":""},"class_list":["post-4549","page","type-page","status-publish"],"_links":{"self":[{"href":"https:\/\/meine-hebammen.agency-11.com\/en\/wp-json\/wp\/v2\/pages\/4549","targetHints":{"allow":["GET"]}}],"collection":[{"href":"https:\/\/meine-hebammen.agency-11.com\/en\/wp-json\/wp\/v2\/pages"}],"about":[{"href":"https:\/\/meine-hebammen.agency-11.com\/en\/wp-json\/wp\/v2\/types\/page"}],"author":[{"embeddable":true,"href":"https:\/\/meine-hebammen.agency-11.com\/en\/wp-json\/wp\/v2\/users\/1"}],"replies":[{"embeddable":true,"href":"https:\/\/meine-hebammen.agency-11.com\/en\/wp-json\/wp\/v2\/comments?post=4549"}],"version-history":[{"count":9,"href":"https:\/\/meine-hebammen.agency-11.com\/en\/wp-json\/wp\/v2\/pages\/4549\/revisions"}],"predecessor-version":[{"id":5242,"href":"https:\/\/meine-hebammen.agency-11.com\/en\/wp-json\/wp\/v2\/pages\/4549\/revisions\/5242"}],"wp:attachment":[{"href":"https:\/\/meine-hebammen.agency-11.com\/en\/wp-json\/wp\/v2\/media?parent=4549"}],"curies":[{"name":"wp","href":"https:\/\/api.w.org\/{rel}","templated":true}]}}