{"id":4555,"date":"2024-12-21T11:50:45","date_gmt":"2024-12-21T10:50:45","guid":{"rendered":"https:\/\/meine-hebammen.agency-11.com\/?page_id=4555"},"modified":"2025-04-18T14:18:46","modified_gmt":"2025-04-18T12:18:46","slug":"akupunktur","status":"publish","type":"page","link":"https:\/\/meine-hebammen.agency-11.com\/en\/akupunktur\/","title":{"rendered":"acupuncture and TCM"},"content":{"rendered":"<h5>\n\t\tFrom the 37th week of pregnancy, we as your midwives are happy to offer you weekly acupuncture treatments.\n\t<\/h5>\n        <img loading=\"lazy\" decoding=\"async\" role=\"img\" src=\"\/wp-content\/uploads\/2024\/12\/MH-icon5.svg\" alt=\"\" width=\"106\" height=\"100\" \/>\n\t<a href=\"#more\">\n    <img loading=\"lazy\" decoding=\"async\" src=\"\/wp-content\/uploads\/2024\/12\/arrow-down.svg\" alt=\"more\" width=\"24\" height=\"24\" \/>\n<\/a>\n<h6>\n\t\tour services\n\t<\/h6>\n<h2>\n\t\tBei Schwangerschaft &#038; Geburt\n\t<\/h2>\n\t<h3>Traditionelle chinesische Medizin<\/h3>\n<h4>Akupunktur:<\/h4>\n<p>Die Akupunktur ist eine Behandlungsmethode der Traditionellen chinesischen Medizin. Als ganzheitliche Therapieform geht man in der Akupunktur davon aus, dass der K\u00f6rper von Meridianen durchzogen ist, durch die die Lebensenergie \u201eQi&#8220; flie\u00dft. Wird diese gest\u00f6rt, oder kommt es zu einem Ungleichgewicht, k\u00f6nnen Blockaden und Krankheiten entstehen. Durch das Einsetzen der kleinen Akupunkturnadeln an genau definierten Punkten, soll der Energiefluss angeregt bzw. wieder hergestellt werden. Unterschiedliche Studien unterstreichen die Wirkung von Akupunkturbehandlungen speziell auch in der Schwangerschaft. Beispielsweise belegt eine Studie der Frauenklinik Mannheim, dass Akupunktur die Dauer der Geburt von Erstgeb\u00e4renden im Schnitt von zehn auf acht Stunden verk\u00fcrzen kann.<\/p>\n<p><strong>Akupunktur kann angewendet werden:<\/strong><\/p>\n<ul>\n<li>bei Beschwerden in der Schwangerschaft<\/li>\n<li>Geburtsvorbereitend ab der 37. Schwangerschaftswoche<\/li>\n<li>Unter der Geburt<\/li>\n<li>Bei Beschwerden im Wochenbett<\/li>\n<li>Zur Narbenentst\u00f6rung bei Kaiserschnittnarben<\/li>\n<\/ul>\n\n\t\t\t\t<img loading=\"lazy\" decoding=\"async\" src=\"https:\/\/meine-hebammen.agency-11.com\/wp-content\/uploads\/2024\/12\/istockphoto-1452867486-612x612-1.jpg\" alt=\"Cork plate with acupuncture needles on bamboo mat\" itemprop=\"image\" height=\"408\" width=\"612\" title=\"Cork plate with acupuncture needles on bamboo mat\" onerror=\"this.style.display='none'\"  \/>\n\t<h4>Lasertherapie:<\/h4>\n<p>Die Behandlung einer Softlasertherapie wird mittels Laserlicht durchgef\u00fchrt. Ziel der Behandlung ist, die Wundheilung zu beschleunigen, Schmerzen zu reduzieren und Entz\u00fcndungen zu bek\u00e4mpfen.<\/p>\n<p><strong>Lasertherapie kann durchgef\u00fchrt werden bei:<\/strong><\/p>\n<ul>\n<li>wunden Brustwarzen<\/li>\n<li>Milchstau<\/li>\n<li>beginnender Brustdr\u00fcsenentz\u00fcndung<\/li>\n<li>Geburtsverletzungen<\/li>\n<li>Kaiserschnittn\u00e4hten<\/li>\n<li>Narbenschmerzen<\/li>\n<li>Wundheilungsst\u00f6rungen<\/li>\n<li>Narbenentst\u00f6rung<\/li>\n<\/ul>\n\n\n\n\t<h4>Moxibustion (Moxen):<\/h4>\n<p>Dabei werden die Akupunkturpunkte nicht durch Nadelstiche, sondern mit Hitze stimuliert. Der Beifu\u00df gilt hier als alte Heilpflanze. Moxen kann angewendet werden, damit sich dein Baby von einer Beckenendlage in die Kopflage dreht.<\/p>\n<h4>Ern\u00e4hrungslehre:<\/h4>\n<p>Die Ern\u00e4hrung gem\u00e4\u00df der Traditionellen Chinesischen Medizin beruht auf der 5-Elemente Lehre. Jedes Element hat Einfluss auf eine bestimmte Funktion oder Organe und ist dabei auch einer bestimmten Geschmacksrichtung zugeordnet. Die 5 Elemente der TCM-Ern\u00e4hrung sind Erde, Metall, Wasser, Holz und Feuer. Mit der TCM-Diagnostik kann eine pers\u00f6nliche Beratung durchgef\u00fchrt werden.<\/p>\n<h4>Shonishin und Tuina in der ersten Lebenswochen bei Neugeborenen:<\/h4>\n<p>Die Meridiane sind bei einem Neugeborenen im ersten Lebensjahr noch am Beginn der Entwicklung. Durch diese Behandlungen k\u00f6nnen wir dem Kind helfen zu seiner Mitte zu finden.<\/p>\n<p><strong>\u00a0<\/strong><\/p>\n\t\t\t\t<a href=\"https:\/\/meine-hebammen.agency-11.com\/wp-content\/uploads\/2024\/12\/acupunture2.jpg\"  target=\"_self\" itemprop=\"url\">\n\t\t\t\t<img loading=\"lazy\" decoding=\"async\" src=\"https:\/\/meine-hebammen.agency-11.com\/wp-content\/uploads\/2024\/12\/acupunture2.jpg\" alt=\"acupunture2\" itemprop=\"image\" height=\"700\" width=\"1050\" title=\"acupunture2\" onerror=\"this.style.display='none'\"  \/>\n\t\t\t\t<\/a>\n\t\t\t\t<a href=\"https:\/\/meine-hebammen.agency-11.com\/wp-content\/uploads\/2024\/12\/pregnancy-acupuncture-768x512-1.jpg\"  target=\"_self\" itemprop=\"url\">\n\t\t\t\t<img loading=\"lazy\" decoding=\"async\" src=\"https:\/\/meine-hebammen.agency-11.com\/wp-content\/uploads\/2024\/12\/pregnancy-acupuncture-768x512-1.jpg\" alt=\"pregnancy-acupuncture-768x512\" itemprop=\"image\" height=\"512\" width=\"768\" title=\"pregnancy-acupuncture-768x512\" onerror=\"this.style.display='none'\"  \/>\n\t\t\t\t<\/a>\n\t\t\t\t<a href=\"https:\/\/meine-hebammen.agency-11.com\/wp-content\/uploads\/2024\/12\/A-pregnant-woman-getting-acupuncture-for-infertility-1.jpg\"  target=\"_self\" itemprop=\"url\">\n\t\t\t\t<img loading=\"lazy\" decoding=\"async\" src=\"https:\/\/meine-hebammen.agency-11.com\/wp-content\/uploads\/2024\/12\/A-pregnant-woman-getting-acupuncture-for-infertility-1.jpg\" alt=\"A-pregnant-woman-getting-acupuncture-for-infertility-1\" itemprop=\"image\" height=\"816\" width=\"1456\" title=\"A-pregnant-woman-getting-acupuncture-for-infertility-1\" onerror=\"this.style.display='none'\"  \/>\n\t\t\t\t<\/a>","protected":false},"excerpt":{"rendered":"<p>Ab der 37. Schwangerschaftswoche bieten wir dir als deine Hebammen gerne auch w\u00f6chentliche Akupunktur-Behandlungen an. unsere leistungen Bei Schwangerschaft &#038; Geburt Traditionelle chinesische Medizin Akupunktur: Die Akupunktur ist eine Behandlungsmethode der Traditionellen chinesischen Medizin. Als ganzheitliche Therapieform geht man in der Akupunktur davon aus, dass der K\u00f6rper von Meridianen durchzogen ist, durch die die Lebensenergie &#8230; <a title=\"acupuncture and TCM\" class=\"read-more\" href=\"https:\/\/meine-hebammen.agency-11.com\/en\/akupunktur\/\" aria-label=\"Read more about Akupunktur und TCM\">Read more<\/a><\/p>","protected":false},"author":1,"featured_media":0,"parent":0,"menu_order":0,"comment_status":"closed","ping_status":"closed","template":"","meta":{"footnotes":""},"class_list":["post-4555","page","type-page","status-publish"],"_links":{"self":[{"href":"https:\/\/meine-hebammen.agency-11.com\/en\/wp-json\/wp\/v2\/pages\/4555","targetHints":{"allow":["GET"]}}],"collection":[{"href":"https:\/\/meine-hebammen.agency-11.com\/en\/wp-json\/wp\/v2\/pages"}],"about":[{"href":"https:\/\/meine-hebammen.agency-11.com\/en\/wp-json\/wp\/v2\/types\/page"}],"author":[{"embeddable":true,"href":"https:\/\/meine-hebammen.agency-11.com\/en\/wp-json\/wp\/v2\/users\/1"}],"replies":[{"embeddable":true,"href":"https:\/\/meine-hebammen.agency-11.com\/en\/wp-json\/wp\/v2\/comments?post=4555"}],"version-history":[{"count":3,"href":"https:\/\/meine-hebammen.agency-11.com\/en\/wp-json\/wp\/v2\/pages\/4555\/revisions"}],"predecessor-version":[{"id":5113,"href":"https:\/\/meine-hebammen.agency-11.com\/en\/wp-json\/wp\/v2\/pages\/4555\/revisions\/5113"}],"wp:attachment":[{"href":"https:\/\/meine-hebammen.agency-11.com\/en\/wp-json\/wp\/v2\/media?parent=4555"}],"curies":[{"name":"wp","href":"https:\/\/api.w.org\/{rel}","templated":true}]}}