{"id":4598,"date":"2024-12-25T16:41:29","date_gmt":"2024-12-25T15:41:29","guid":{"rendered":"https:\/\/meine-hebammen.agency-11.com\/?page_id=4598"},"modified":"2025-05-13T12:20:42","modified_gmt":"2025-05-13T10:20:42","slug":"home","status":"publish","type":"page","link":"https:\/\/meine-hebammen.agency-11.com\/en\/","title":{"rendered":"Home"},"content":{"rendered":"<h1>\n\t\tWell accompanied in a special time\n\t<\/h1>\n<h3>\n\t\tWith experience, sensitivity and the art of listening, we accompany you through pregnancy, birth and the postpartum period.\n\t<\/h3>\n\t\t\t\t<img loading=\"lazy\" decoding=\"async\" src=\"https:\/\/meine-hebammen.agency-11.com\/wp-content\/uploads\/2025\/05\/Hebammen-Team-Graz-Steiermark.png\" alt=\"Hebammen-Team Graz\" itemprop=\"image\" height=\"1900\" width=\"2200\" title=\"Midwifery Team Graz-Styria\" onerror=\"this.style.display='none'\"  \/>\n\t<a href=\"#more\">\n    <img loading=\"lazy\" decoding=\"async\" src=\"\/wp-content\/uploads\/2024\/12\/arrow-down.svg\" alt=\"more\" width=\"24\" height=\"24\" \/>\n<\/a>\n<a href=\"#services\">\n    Our range <img loading=\"lazy\" decoding=\"async\" src=\"\/wp-content\/uploads\/2024\/12\/arrow-down.svg\" alt=\"more\" width=\"24\" height=\"24\" \/>\n<\/a>\n<h2>\n\t\tMit Wissen, Herz, und Achtsamkeit an deiner Seite\n\t<\/h2>\n\t<h5>Wir sind seit vielen Jahren als Hebammen in Graz t\u00e4tig &#8211; mit Erfahrung, laufender Weiterbildung und viel Feingef\u00fchl. Die traditionelle Hebammenkunst, Achtsamkeit und fachliche Kompetenz pr\u00e4gen unsere Arbeit. Als M\u00fctter wissen wir, wie wichtig eine pers\u00f6nliche Begleitung ist. Wir betreuen dich individuell und ganzheitlich &#8211; von der Schwangerschaft bis ins Wochenbett, mit Raum f\u00fcr deine Entscheidungen und Vertrauen in deinen Weg. Ein guter Austausch mit anderen Berufsgruppen ist uns dabei ebenso wichtig wie die Weitergabe unseres Wissens an Hebammenstudentinnen. Vielleicht lernen wir uns bei einem Infoabend in der Privatklinik Graz-Ragnitz oder im Privatklinikum HANSA kennen. Wir freuen uns auf dich.<\/h5>\n\t\t\t\t<img loading=\"lazy\" decoding=\"async\" src=\"https:\/\/meine-hebammen.agency-11.com\/wp-content\/uploads\/2025\/05\/MH_arch-cBROBOTERS-8.jpg\" alt=\"Meine Hebammen R\u00e4umlickeiten\" itemprop=\"image\" height=\"958\" width=\"1440\" title=\"MH_arch-(c)BROBOTERS-8\" onerror=\"this.style.display='none'\"  \/>\n    <h6>Our services<\/h6>\n        <h4>Wir sind f\u00fcr dich da &#8211; vom ersten Gespr\u00e4ch bis ins Wochenbett\n<\/h4>\n        <h5>Uns ist wichtig, dass du dich bei uns gut aufgehoben f\u00fchlst. Du bekommst von uns eine pers\u00f6nliche, individuelle Beratung &#8211; genau dann, wenn es f\u00fcr dich passt, und zu den Themen, die dich wirklich bewegen. Auch dein Partner oder deine Partnerin ist herzlich willkommen.<\/h5>\n        <a href=\"\/en\/bereitschaftsplan\/\">24-hour on-call service<\/a>\n    <a href=\"\/en\/geburtsvorbereitung\/\">\n        <img loading=\"lazy\" decoding=\"async\" src=\"\/wp-content\/uploads\/2025\/05\/Schwangerschaft-Frau.jpg\" alt=\"schwangere Frau\" width=\"150\" height=\"150\" \/>\n        <h3>pregnancy<\/h3>\n        <p>Wir st\u00e4rken dein Vertrauen in dich selbst, begleiten dich mit Fachwissen und Feingef\u00fchl &#8211; und schaffen Raum f\u00fcr eine selbstbestimmte Geburt. Von Beginn an darf dich eine vertraute Person unterst\u00fctzen und begleiten.<\/p>\n    <\/a>\n    <a href=\"\/en\/geburtsvorbereitungskurs\/\">\n        <img loading=\"lazy\" decoding=\"async\" src=\"\/wp-content\/uploads\/2025\/05\/Geburtsvorbereitungskurs.jpg\" alt=\"Geburtsvorbereitungskurse\" width=\"150\" height=\"150\" \/>\n        <h3>Courses<\/h3>\n        <p>In unseren Kursen bekommst du praktisches Wissen, \u00dcbungen und pers\u00f6nliche Begleitung &#8211; alleine oder mit deiner Begleitperson. Zwei Einheiten bereiten euch auf Geburt, Wochenbett und Elternsein vor.<\/p>\n    <\/a>\n    <a href=\"\/en\/geburt\/\">\n        <img loading=\"lazy\" decoding=\"async\" src=\"\/wp-content\/uploads\/2025\/05\/Mutter-mit-Baby-nach-Geburt-Graz.jpg\" alt=\"Geburt\" width=\"150\" height=\"150\" \/>\n        <h3>Birth<\/h3>\n        <p>Wir begleiten dich achtsam und mit Vertrauen in deine St\u00e4rke. Wie du geb\u00e4rst, entscheidest du selbst &#8211; im Wasser, am Hocker oder in einer Position, die sich f\u00fcr dich richtig anf\u00fchlt. <\/p>\n    <\/a>\n    <a href=\"\/en\/wochenbett\/\">\n        <img loading=\"lazy\" decoding=\"async\" src=\"\/wp-content\/uploads\/2025\/05\/Wochenbett.jpg\" alt=\"Wochenbett\" width=\"150\" height=\"150\" \/>\n        <h3>Postpartum period<\/h3>\n        <p>Nach der Geburt begleiten wir dich individuell und mit viel Einf\u00fchlungsverm\u00f6gen &#8211; ob zu Hause oder in der Klinik. Dein k\u00f6rperliches und seelisches Wohlbefinden und das deines Kindes stehen dabei im Mittelpunkt.<\/p>\n    <\/a>\n    <a href=\"\/en\/akupunktur\/\">\n        <img loading=\"lazy\" decoding=\"async\" src=\"\/wp-content\/uploads\/2025\/05\/Akupunktur-und-TCM.jpg\" alt=\"Akupunktur\" width=\"150\" height=\"150\" \/>\n        <h3>acupuncture and TCM<\/h3>\n        <p>Mit Akupunktur, Moxen, Lasertherapie und TCM-Ern\u00e4hrung begleiten wir dich sanft durch Schwangerschaft, Geburt und Wochenbett &#8211; und unterst\u00fctzen auch dein Baby in den ersten Lebenswochen.<\/p>\n    <\/a>\n<h2>\n\t\tUnsere Ordination in Graz\n\t<\/h2>\n\t<h4>Appointments by arrangement<\/h4>\n\t<h4>Location<\/h4>\nOrdination Christine Rieger,<br \/>\nStubenberggasse 5<br \/>\n8010 Graz\n<h4>Registration<\/h4>\nHeidi Niederlechner: <a href=\"tel:+43 650 880 9998\">+43 650 880 9998<\/a><br \/>\nPia Englert: <a href=\"tel:+43 681 1040 8056\">+43 681 1040 8056<\/a><br \/>\nChristine Rieger: <a href=\"tel:+43 650 281 0175\">+43 650 281 0175<\/a>\n<h4>Park<\/h4>\n<p>Alle Parkpl\u00e4tze in Graz sind in der Kurzparkzone. Parkgarage Oper Graz &#8211; BOE Parking Graz ist in der N\u00e4he der Ordination. Aufgrund der Baustellen in der Innenstadt ist derzeit meist mit Verz\u00f6gerungen zu rechnen.<\/p>\n\t\t\t\t<img loading=\"lazy\" decoding=\"async\" src=\"https:\/\/meine-hebammen.agency-11.com\/wp-content\/uploads\/2024\/12\/MH-logo-symbol.svg\" alt=\"MH-logo-symbol\" itemprop=\"image\" height=\"773\" width=\"538\" title=\"MH logo symbol\" onerror=\"this.style.display='none'\"  \/>\n<h2>\n\t\tExperiences\n\t<\/h2>\n  <a href=\"\/en\/erfahrungen\/\">\n      <h4>Thoughts on Birth<\/h4>\n      Wie auch schon bei unserer ersten Tochter entschieden wir uns bei unsere zweite Maus f\u00fcr das Hebammen Team von Heidi, Pia und Christine!\nSchon w\u00e4hrend der Schwangerschaft standen uns alle drei mit Rat und Tat zur Seite. Da sich unsere Kleine bis zum letzten Tag immer wieder gedreht hat, war es f\u00fcr uns eine gro\u00dfe Hilfe und St\u00fctze&#8230;\n<br \/><br \/>\nWe say thank you again,\n<br \/>\nDietmar and Katrin with Anja and Nora\n  <\/a>\n  <a href=\"\/en\/erfahrungen\/\">\n      <h4>Sensitive support<\/h4>\n      Vielen Dank f\u00fcr die tolle und einf\u00fchlsame Begleitung w\u00e4hrend unserer ersten Schwangerschaft. Ihr wart schon beim ersten Kennenlernen sehr sympathisch und wir haben uns gleich wohlgef\u00fchlt, dieses Gef\u00fchl hat sich bis zum Schluss best\u00e4tigt. Danke Liebe Christine f\u00fcr deine Begleitung w\u00e4hrend der Geburt und im  Wochenbett,&#8230;\n<br \/><br \/>\nWir k\u00f6nnen dieses tolle Team nur weiterempfehlen!\nGanz liebe Gr\u00fc\u00dfe<br \/>\nAlbert + Ida + Leon\n  <\/a>\n  <a href=\"\/en\/erfahrungen\/\">\n      <h4>Competent support<\/h4>\n      Wir m\u00f6chten uns noch einmal bei euch f\u00fcr die kompetente Begleitung in der Schwangerschaft und vor allem bei dir Heidi f\u00fcr die wundervolle Begleitung der Geburt bedanken!&#8230;\n      <br \/><br \/>\n        Ich kann das \u201eMeine Hebammen&#8220; &#8211; Team wirklich nur jedem von ganzem Herzen empfehlen, denn ich selbst w\u00fcrde Heidi, Pia und Christine immer wieder als meine Hebammen w\u00e4hlen!\n<br \/>\nBest regards Joseph, Carina and Matthias\n  <\/a>\n  <a href=\"\/en\/erfahrungen\/\">\n      <h4>Super support<\/h4>\n      Vielen lieben Dank f\u00fcr die super Betreuung w\u00e4hrend meiner Schwangerschaft. Ich habe mich ab dem ersten Termin bei euch willkommen gef\u00fchlt. Ihr leistet unglaubliches und man merkt bei jeder einzelnen von euch das, dass &#8222;nicht nur&#8220; euer Job ist. Ihr seht den Menschen und nicht nur Arbeit&#8230;\n        <br \/><br \/>\n        Thank you for everything!<br \/>\n        Stefanie, Alexander and Oskar\n  <\/a>\n  <a href=\"\/en\/erfahrungen\/\">\n      <h4>Hello dear Christine, Heidi and Pia!<\/h4>\n          Wir m\u00f6chten uns nochmal ganz herzich bei euch bedanken! Ihr wart eine tolle Unterst\u00fctzung f\u00fcr uns trotz der ungeplanten schnellen \u00dcberraschung! Danke Christine f\u00fcr deine liebevolle Art w\u00e4hrend dem Kaiserschnitt und Abend! Und das du dich auch so lieb um Steffi und Fabian gek\u00fcmmert hast!&#8230;\n        <br \/><br \/>\n          Thank you so much!!!! You are a really great team\n          <br \/>\n          LG Steffi, Tanja and Fabian\n  <\/a>\n  <a href=\"\/en\/erfahrungen\/\">\n      <h4>Loving, warm and competent care<\/h4>\n          Wir m\u00f6chten uns von ganzem Herzen bei euch f\u00fcr die liebevolle, herzliche und kompetente Betreuung bedanken. Schon in den Vorbereitungsgespr\u00e4chen w\u00e4hrend der Schwangerschaft sowie bei den Akupunkturterminen f\u00fchlte ich mich sicher und geborgen. Am Tag der Geburt unseres Sohnes Julian hatte Pia Bereitschaft. Nachdem die Geburt doch anders kam als erwartet und ein Kaiserschnitt durchgef\u00fchrt werden musste,&#8230;\n          <br \/><br \/>\n          Best regards Julian, Gernot and Birgit\n  <\/a>\n  <a href=\"\/en\/erfahrungen\/\">\n      <h4>Extremely happy and very satisfied<\/h4>\n          Ich bin \u00fcberaus gl\u00fccklich und sehr zufrieden, dass ich das Hebammenteam Katrin, Pia und Heidi gew\u00e4hlt habe. Alle drei sind super nett, kompetent, sympathisch und hilfsbereit und man hat rund um die Uhr die beste Betreuung. Ich f\u00fchlte mich von Anfang an sehr gut aufgehoben. Bei Fragen rund um die Schwangerschaft, Geburt oder Nachbetreuung konnte ich mich jederzeit bei Ihnen melden und bekam eine kompetente Antwort&#8230;\n        <br \/><br \/>\n        Thank you very much for your support.<br \/>\n        Kind regards, Bernhard, Kathrin and Alissa\n  <\/a>","protected":false},"excerpt":{"rendered":"<p>Gut begleitet in eine besondere Zeit Mit Erfahrung, Feingef\u00fchl und der Kunst des Zuh\u00f6rens begleiten wir dich durch Schwangerschaft, Geburt und Wochenbett. Unser Angebot Mit Wissen, Herz, und Achtsamkeit an deiner Seite Wir sind seit vielen Jahren als Hebammen in Graz t\u00e4tig &#8211; mit Erfahrung, laufender Weiterbildung und viel Feingef\u00fchl. Die traditionelle Hebammenkunst, Achtsamkeit und &#8230; <a title=\"Home\" class=\"read-more\" href=\"https:\/\/meine-hebammen.agency-11.com\/en\/\" aria-label=\"Read more about Home\">Read more<\/a><\/p>","protected":false},"author":1,"featured_media":0,"parent":0,"menu_order":0,"comment_status":"closed","ping_status":"closed","template":"","meta":{"footnotes":""},"class_list":["post-4598","page","type-page","status-publish"],"_links":{"self":[{"href":"https:\/\/meine-hebammen.agency-11.com\/en\/wp-json\/wp\/v2\/pages\/4598","targetHints":{"allow":["GET"]}}],"collection":[{"href":"https:\/\/meine-hebammen.agency-11.com\/en\/wp-json\/wp\/v2\/pages"}],"about":[{"href":"https:\/\/meine-hebammen.agency-11.com\/en\/wp-json\/wp\/v2\/types\/page"}],"author":[{"embeddable":true,"href":"https:\/\/meine-hebammen.agency-11.com\/en\/wp-json\/wp\/v2\/users\/1"}],"replies":[{"embeddable":true,"href":"https:\/\/meine-hebammen.agency-11.com\/en\/wp-json\/wp\/v2\/comments?post=4598"}],"version-history":[{"count":36,"href":"https:\/\/meine-hebammen.agency-11.com\/en\/wp-json\/wp\/v2\/pages\/4598\/revisions"}],"predecessor-version":[{"id":5245,"href":"https:\/\/meine-hebammen.agency-11.com\/en\/wp-json\/wp\/v2\/pages\/4598\/revisions\/5245"}],"wp:attachment":[{"href":"https:\/\/meine-hebammen.agency-11.com\/en\/wp-json\/wp\/v2\/media?parent=4598"}],"curies":[{"name":"wp","href":"https:\/\/api.w.org\/{rel}","templated":true}]}}