{"id":4766,"date":"2025-01-04T14:13:34","date_gmt":"2025-01-04T13:13:34","guid":{"rendered":"https:\/\/meine-hebammen.agency-11.com\/?page_id=4766"},"modified":"2025-01-05T14:37:23","modified_gmt":"2025-01-05T13:37:23","slug":"erfahrungen","status":"publish","type":"page","link":"https:\/\/meine-hebammen.agency-11.com\/en\/erfahrungen\/","title":{"rendered":"Experiences"},"content":{"rendered":"<h5>\n\t\tDear parents, if you would like to share your experiences about our time together, please send me a short comment by email: office@meine-hebammen.at Thank you very much, your Heidi, Pia and Christine.\n\t<\/h5>\n\t<a href=\"#more\">\n    <img loading=\"lazy\" decoding=\"async\" src=\"\/wp-content\/uploads\/2024\/12\/arrow-down.svg\" alt=\"more\" width=\"24\" height=\"24\" \/>\n<\/a>\n<h2>\n\t\tStimmen frisch gebackener Eltern  \n\t<\/h2>\n        <h3>Thoughts on Birth<\/h3>\n        <h4>03.03.24<\/h4>\n        \n        Wie auch schon bei unserer ersten Tochter entschieden wir uns bei unsere zweite Maus f\u00fcr das Hebammen Team von Heidi, Pia und Christine!\n        Schon w\u00e4hrend der Schwangerschaft standen uns alle drei mit Rat und Tat zur Seite. Da sich unsere Kleine bis zum letzten Tag immer wieder gedreht hat, war es f\u00fcr uns eine gro\u00dfe Hilfe und St\u00fctze, dass sowohl Heidi, Pia und vor allem Christine uns bis zum Schluss Mut und Hoffnung gaben, dass wie eine spontane Geburt erleben durften!\n        <span class=\"ellipsis\" id=\"ellipsis-29001830\">...<\/span><span class=\"rmwp-button-wrap\" id=\"rmwp-button-wrap-29001830\" style=\"display: none;\"><button name=\"read more\" type=\"button\" onclick=\"rmwpButtonAction( '29001830', 'Mehr lesen', 'Weniger lesen' )\">Read more<\/button><\/span><div class=\"rmwp-toggle\" id=\"rmwp-toggle-29001830\" style=\"display: none\">\n        Christine was there for us on the day of the birth. After the little one was in position, the birth was induced. With the help of acupuncture and lots of charm and calm, everything went as planned! Christine had the calm, composure and, above all, the nerves to put up with all of my emotional outbursts right up until the end! With the help of our gynecologist Dr. Hausbrandt and the lovely Christine, we were able to hold our little Nora in our arms, healthy and happy, shortly after midnight! <br \/><br \/>\n        Auch die Nachbetreuung in der Ragnitz und zu Hause war zu unsere vollen Zufriedenheit! Kurz nach der Geburt servierte uns Christine mitten in der Nacht ein Jausen- Buffet f\u00fcr unseren \u201ekleinen Hunger&#8220;, erledigte die ganze B\u00fcrokratie und k\u00fcmmerte sich um meinen gesundheitlichen Zustand! Alles in allem w\u00fcrden wir uns immer wieder f\u00fcr das 3er Team entscheiden! Mit viele Liebe, F\u00fcrsorge und Einf\u00fchlungsverm\u00f6gen begleiteten die drei uns bei beiden Schwangerschaften und bei der Geburt unserer beiden M\u00e4dels!\n        <\/div><div class='rmwp-toggle-end'><\/div>\n        We say thank you again, <br \/><br \/>\n        Dietmar and Katrin with Anja and Nora\n        \n        <h3>Dear Christina, dear Pia, dear Heidi,<\/h3>\n        <h4>03.03.24<\/h4>\n        \n        Thank you very much for the wonderful and sensitive support during our first pregnancy. You were very friendly from the first time we met and we immediately felt at ease, and this feeling lasted until the end. Thank you, dear Christine, for your support during the birth and in the postpartum period, your calmness and confidence helped me a lot with breastfeeding! <br \/><br \/>\nEs kam bei mir zwar zu einem Kaiserschnitt, aber ich f\u00fchlte mich zu jeder Zeit gut aufgehoben, dank Christines Ruhe und Erfahrung.\nWir k\u00f6nnen dieses tolle Team nur weiterempfehlen!\nGanz liebe Gr\u00fc\u00dfe<br \/><br \/>\nAlbert + Ida + Leon\n        \n        <h3>Dear Heidi, dear Pia, dear Christine!<\/h3>\n        <h4>03.03.24<\/h4>\n        \n        Wir m\u00f6chten uns noch einmal bei euch f\u00fcr die kompetente Begleitung in der Schwangerschaft und vor allem bei dir Heidi f\u00fcr die wundervolle Begleitung der Geburt bedanken!\nTrotz einiger Schrecksekunden f\u00fchlten wir uns bei Heidi aufgrund ihrer ruhigen Art und jahrelangen Erfahrung zu jedem Zeitpunkt sicher und gut aufgehoben. Wir h\u00e4tten uns f\u00fcr diesen emotionalen Moment niemand besseren vorstellen k\u00f6nnen.<br \/><br \/>\nAnfangs hatte ich mit gro\u00dfen Stillproblemen zu k\u00e4mpfen und war wirklich am Verzweifeln. Dann kam mich Pia am zweiten Tag nach der Geburt besuchen und machte mir wieder Mut und gab mir Vertrauen in mich selbst. Ohne sie h\u00e4tte ich das Stillen aufgegeben!\nIch kann das \u201eMeine Hebammen&#8220; &#8211; Team wirklich nur jedem von ganzem Herzen empfehlen, denn ich selbst w\u00fcrde Heidi, Pia und Christine immer wieder als meine Hebammen w\u00e4hlen!\n<br \/><br \/>\nBest regards Joseph, Carina and Matthias\n        \n        <h3>Dear Christine, Pia and Heidi<\/h3>\n        <h4>03.03.24<\/h4>\n        \n        Vielen lieben Dank f\u00fcr die super Betreuung w\u00e4hrend meiner Schwangerschaft. Ich habe mich ab dem ersten Termin bei euch willkommen gef\u00fchlt. Ihr leistet unglaubliches und man merkt bei jeder einzelnen von euch das, dass &#8222;nicht nur&#8220; euer Job ist. Ihr seht den Menschen und nicht nur Arbeit. Danke! \n        <br \/><br \/>\n        And we would like to say thank you to you, dear Christine. Thank you for the great support during the birth. THANK YOU for the intensive care after the birth. After the birth of our little man (although it was completely uncomplicated and wonderful), I unfortunately didn&#039;t feel very well. \n        <br \/><br \/>\n        Christine hatte immer ein offenes Ohr&#8230; Ist sogar am Samstag nach der Geburt bei uns zuhause vorbeigekommen, weil ich einen richtig schlimmen Baby-Blues hatte, obwohl sie nicht mal mehr im Dienst war. Sie hat sich bei jedem Hausbesuch Zeit genommen um mit meinem Partner und mir zu reden, hat sich jedes Mal nach unserem Befinden erkundigt und sofort gemerkt, wenn es mir mal bei einem ihrer Besuche nicht gut ging und hat mir immer gut zugeredet.\n        <br \/><br \/>\n        Thank you for everything!<br \/><br \/>\n        Stefanie, Alexander and Oskar\n        \n        <h3>Hello dear Christine, Heidi and Pia!<\/h3>\n        <h4>03.03.24<\/h4>\n        \n        We would like to thank you all again with all our hearts! You were a great support for us despite the unplanned, quick surprise! Thank you Christine for your loving manner during the Caesarean section and in the evening! And for taking such good care of Steffi and Fabian! Fabian and we are slowly settling in at home! He now weighs 3100 grams and is in full health \n        <br \/><br \/>\n        Thank you so much!!!! You are a really great team \n        <br \/><br \/>\n        LG Steffi, Tanja and Fabian\n        \n        <h3>Dear Pia, dear Katrin, dear Heidi,<\/h3>\n        <h4>03.04.22<\/h4>\n        \n        We would like to thank you from the bottom of our hearts for the loving, warm and competent care. I felt safe and secure during the preparatory discussions during the pregnancy and at the acupuncture appointments. Pia was on call on the day our son Julian was born. After the birth turned out differently than expected and a Caesarean section had to be performed, Pia supported and calmed us down a lot and we were very happy to have her by our side. Thanks to her calmness, sensitivity and professionalism, neither I nor my partner were afraid of the Caesarean section at any time. She explained all the steps to us precisely and in detail.\n        <span class=\"ellipsis\" id=\"ellipsis-1763485609\">...<\/span><span class=\"rmwp-button-wrap\" id=\"rmwp-button-wrap-1763485609\" style=\"display: none;\"><button name=\"read more\" type=\"button\" onclick=\"rmwpButtonAction( '1763485609', 'Mehr lesen', 'Weniger lesen' )\">Read more<\/button><\/span><div class=\"rmwp-toggle\" id=\"rmwp-toggle-1763485609\" style=\"display: none\">\n       The aftercare provided by Pia and Katrin also went very well. They gave us valuable advice and tips and helped us, clumsy parents, through the important getting-to-know-you phase. Dear parents-to-be, I can only recommend Pia, Katrin and Heidi to you. The three of them are a perfectly coordinated team and you can tell that they love their job and pass this on to the parents-to-be. Thank you very much again and keep it up and bring this joy to many more parents.\n        <\/div><div class='rmwp-toggle-end'><\/div>\n        Best regards Julian, Gernot and Birgit\n        \n        <h3>Experience report by Kathrin K.<\/h3>\n        <h4>03.02.22<\/h4>\n        \n        I am extremely happy and very satisfied that I chose the midwife team Katrin, Pia and Heidi. All three are super nice, competent, personable and helpful and you get the best care around the clock. I felt very well looked after right from the start. If I had any questions about the pregnancy, birth or aftercare, I could contact them at any time and received a competent answer.\n        <span class=\"ellipsis\" id=\"ellipsis-1135236253\">...<\/span><span class=\"rmwp-button-wrap\" id=\"rmwp-button-wrap-1135236253\" style=\"display: none;\"><button name=\"read more\" type=\"button\" onclick=\"rmwpButtonAction( '1135236253', 'Mehr lesen', 'Weniger lesen' )\">Read more<\/button><\/span><div class=\"rmwp-toggle\" id=\"rmwp-toggle-1135236253\" style=\"display: none\">\n       The communication between Katrin, Pia and Heidi works perfectly and everyone knows everything. You are a great team ???? As I was a few days past my due date, I had several more discussions with the midwife team and all three were competent and sensitive at my side. Heidi even called me again and asked if I was OK and if everything was OK. Then the time finally came: one Sunday Katrin accompanied me during the birth of our daughter. She looked after and supported me and my husband very well from the very beginning. She radiated a lot of calm and is very sensitive. Katrin responded to my wishes and gave me very good advice during the birth. She took away all my fears and was very empathetic. Thank you very much for that. I couldn&#039;t have wished for better support. I can highly recommend all three. I am happy and grateful that I was able to give birth to our daughter healthy and without complications.\n        <\/div><div class='rmwp-toggle-end'><\/div>\n        Thank you very much for your support. <br \/><br \/>\n        Kind regards, Bernhard, Kathrin and Alissa\n        \n        <h3>Experience report from Christina<\/h3>\n        <h4>03.09.21<\/h4>\n        \n        Bei einem so emotionalen und aufregenden Ereignis wie der Geburt eines Kindes, braucht es Menschen an deiner Seite, die verstehen was dieses Erlebnis f\u00fcr werdende Eltern bedeutet. Das \u201eMeine Hebammen&#8220;-Team mit Heidi, Pia und Katrin sind mehr als nur gute Begleiterinnen in der Schwangerschaft. Ich habe alle drei Teammitglieder als herzlich, einf\u00fchlend und humorvoll kennen gelernt und m\u00f6chte f\u00fcr dieses Team eine klare Empfehlung f\u00fcr alle werdenden M\u00fctter aussprechen, die nach einer kompetenten Begleitung f\u00fcr die Geburt suchen.\n        <span class=\"ellipsis\" id=\"ellipsis-671644190\">...<\/span><span class=\"rmwp-button-wrap\" id=\"rmwp-button-wrap-671644190\" style=\"display: none;\"><button name=\"read more\" type=\"button\" onclick=\"rmwpButtonAction( '671644190', 'Mehr lesen', 'Weniger lesen' )\">Read more<\/button><\/span><div class=\"rmwp-toggle\" id=\"rmwp-toggle-671644190\" style=\"display: none\">\n       Nach meiner ersten Schwangerschaft und der tollen und problemlosen Geburt unserer Tochter Nora (mit Hebamme Pia), war f\u00fcr mich klar, dass ich f\u00fcr meine zweite Geburt kein anderes Hebammen-Team haben wollte. Bei der Geburt unseres Matthias stand mir nun Katrin zur Seite und wieder war die Geburt ein Erlebnis, auf das ich in ein paar Jahren mit sch\u00f6nen Erinnerungen zur\u00fcckdenken kann. Nach anf\u00e4nglichen Startschwierigkeiten und verz\u00f6gerter Wehent\u00e4tigkeit war Katrin ein Ruhepol und die positive Kraft im Krei\u00dfsaal. Sie hat daf\u00fcr gesorgt, dass es mir an nichts fehlt und hatte stets gute Ideen und Ratschl\u00e4ge f\u00fcr mich.Bei beiden Geburten kann ich sagen, dass ich nie zu etwas gedr\u00e4ngt wurde, das ich nicht wollte. Stets wurde mir gesagt, welche Schritte nun folgen w\u00fcrden und mit was ich zu rechnen h\u00e4tte &#8211; verst\u00e4ndnisvoll wurde auf meine W\u00fcnsche geachtet. Ich hatte immer das Gef\u00fchl, dass meine Sorgen und \u00c4ngste ernst genommen wurden und eine mitf\u00fchlende Umgebung geschaffen wurde. Auch mein Mann war von dem Hebammen-Team begeistert. \n       <br \/><br \/>\n       Die hohe Kompetenz und Ruhe von Pia und Katrin w\u00e4hrend der Geburt gaben auch ihm ein Gef\u00fchl von Sicherheit. Auch die Einbindung des Partners nach der Geburt war f\u00fcr ihn besonders sch\u00f6n und wertsch\u00e4tzend. Die Nachsorge durch die drei Hebammen war ausgezeichnet. Bei meiner ersten Tochter wurde mir genau gezeigt wie ich beim Stillen Schmerzen und Verletzungen vorbeugen kann. Auch bei den Geburtsverletzungen standen sie mit Rat und Tat zur Seite und waren eine enorme psychische St\u00fctze in der ersten, sehr emotionalen Zeit nach der Geburt. Kurzum: eine Betreuung wie man es sich nur w\u00fcnschen kann &#8211; mit Hebammen, denen man blind vertrauen kann. Das Wissen und die Professionalit\u00e4t werden mit Einf\u00fchlungsverm\u00f6gen und Liebe zum Beruf an die werdende Mama weitergegeben.\n        <\/div><div class='rmwp-toggle-end'><\/div>\n        Thank you so much to all three of you for making so many births an unforgettable and beautiful experience.\n        \n        <h3>Theresa&#039;s experience report<\/h3>\n        <h4>03.07.21<\/h4>\n        \n        Vorab HERZLICHEN Dank f\u00fcr eure Unterst\u00fctzung! Ich hatte zwar einen Kaiserschnitt, also f\u00fcr euch nicht so viel zu tun, allerdings f\u00fchlte ich mich bei euch schon vorab bei den Gespr\u00e4chen und mit den Infos, die ihr mir mit auf dem Weg gegeben habt sehr gut aufgehoben. Auch w\u00e4hrend des Kaiseschnittes hat mich Katrin so super unterst\u00fctzt und mir immer berichtet was gerade passiert (was ich mir gew\u00fcnscht hatte). Auch beim Stillen habt ihr mir den R\u00fccken gest\u00e4rkt. Dank euch habe ich in der Situation der Erstmama auf mein Gef\u00fchl vertraut und konnte und kann die Zeit mit unserem kleinen Mann voll genie\u00dfen! Dass er ein so entspanntes sind ist &#8211; ist sicher zum Teil auch euch zu verdanken &#8211; DANKE!&#8220;\n        <br \/><br \/>\n        All the best! Theresa\n        \n        <h3>Dear Pia, dear Katrin, dear Heidi,<\/h3>\n        <h4>03.07.21<\/h4>\n        \n        We would like to thank you three again from the bottom of our hearts for the incredibly competent and sensitive care during our first birth. Despite the current Corona situation, we felt safe and in good hands with you from the very first moment. Pia was there for us during the birth itself and it was almost like fate that our little mouse chose this day. We couldn&#039;t have imagined anyone better. Pia is such a strong power woman and with her calm, cheerful and professional manner she brings you to the goal of a birth so safely and wonderfully. We would like to thank you from the bottom of our hearts for that. We would also like to thank you for the excellent aftercare. We could turn to you at any time with questions and always received friendly and professional support. You are the 3 angels for a birth and we will definitely do our next birth with you again.\n        <br \/><br \/>\n        Thank you very much for everything, Michael, Vanessa and Rosalie","protected":false},"excerpt":{"rendered":"<p>Liebe Eltern, wenn auch ihr eure Erfahrungen \u00fcber unsere gemeinsame Zeit teilen m\u00f6chtet, bitte ich euch, mir einen kurzen Kommentar per Mail zukommen zu lassen: office@meine-hebammen.at Vielen herzlichen Dank, eure Heidi, Pia und Christine. Stimmen frisch gebackener Eltern Gedanken zur Geburt 03.03.24 Wie auch schon bei unserer ersten Tochter entschieden wir uns bei unsere zweite &#8230; <a title=\"Experiences\" class=\"read-more\" href=\"https:\/\/meine-hebammen.agency-11.com\/en\/erfahrungen\/\" aria-label=\"Read more about Erfahrungen\">Read more<\/a><\/p>","protected":false},"author":1,"featured_media":0,"parent":0,"menu_order":0,"comment_status":"closed","ping_status":"closed","template":"","meta":{"footnotes":""},"class_list":["post-4766","page","type-page","status-publish"],"_links":{"self":[{"href":"https:\/\/meine-hebammen.agency-11.com\/en\/wp-json\/wp\/v2\/pages\/4766","targetHints":{"allow":["GET"]}}],"collection":[{"href":"https:\/\/meine-hebammen.agency-11.com\/en\/wp-json\/wp\/v2\/pages"}],"about":[{"href":"https:\/\/meine-hebammen.agency-11.com\/en\/wp-json\/wp\/v2\/types\/page"}],"author":[{"embeddable":true,"href":"https:\/\/meine-hebammen.agency-11.com\/en\/wp-json\/wp\/v2\/users\/1"}],"replies":[{"embeddable":true,"href":"https:\/\/meine-hebammen.agency-11.com\/en\/wp-json\/wp\/v2\/comments?post=4766"}],"version-history":[{"count":0,"href":"https:\/\/meine-hebammen.agency-11.com\/en\/wp-json\/wp\/v2\/pages\/4766\/revisions"}],"wp:attachment":[{"href":"https:\/\/meine-hebammen.agency-11.com\/en\/wp-json\/wp\/v2\/media?parent=4766"}],"curies":[{"name":"wp","href":"https:\/\/api.w.org\/{rel}","templated":true}]}}