{"id":4801,"date":"2025-01-04T14:56:30","date_gmt":"2025-01-04T13:56:30","guid":{"rendered":"https:\/\/meine-hebammen.agency-11.com\/?page_id=4801"},"modified":"2025-05-06T15:13:20","modified_gmt":"2025-05-06T13:13:20","slug":"wissenswertes","status":"publish","type":"page","link":"https:\/\/meine-hebammen.agency-11.com\/en\/wissenswertes\/","title":{"rendered":"Interesting facts"},"content":{"rendered":"<h1>\n\t\tWissenswertes zu Schwangerschaft &#038; Geburt\n\t<\/h1>\n<h5>\n\t\tWe know from experience that first-time mothers in particular like to find out more about pregnancy and birth. That&#039;s why we&#039;ve put together a list of interesting literature and practical links, in which many mothers of multiple children may also discover new information. Enjoy browsing!\n\t<\/h5>\n\t<a href=\"#more\">\n    <img loading=\"lazy\" decoding=\"async\" src=\"\/wp-content\/uploads\/2024\/12\/arrow-down.svg\" alt=\"more\" width=\"24\" height=\"24\" \/>\n<\/a>\n<h2>\n\t\tInformationen  im Internet, B\u00fccher und mehr\n\t<\/h2>\n<h4>\n\t\tBooks and DVDs\n\t<\/h4>\n\t<ul>\n<li><a href=\"\/wp-content\/uploads\/2025\/01\/Buecherliste.pdf\" target=\"_blank\" rel=\"noopener\">Book list<\/a><\/li>\n<li><a href=\"https:\/\/www.amazon.de\/R%C3%BCckbildungsgymnastik-Training-Know-How-Christine-Niersmann\/dp\/B003IMT8E6\" target=\"_blank\" rel=\"noopener\">DVD: R\u00fcckbildungsgymnastik &#8211; Das Training mit Grips und Know-How von der Hebamme<\/a><\/li>\n<\/ul>\n<h4>\n\t\tInformation on the Internet\n\t<\/h4>\n\t<ul>\n<li>Private Clinic Graz-Ragnitz:\u00a0<a href=\"https:\/\/www.geburtshilfe-graz.at\/\" target=\"_blank\" rel=\"noopener noreferrer\">www.geburtshilfe-graz.at<\/a><\/li>\n<li>Privatklinikum HANSA:\u00a0<a href=\"https:\/\/www.privatklinikum-hansa.at\/\" target=\"_blank\" rel=\"noopener noreferrer\">www.privatklinikum-hansa.at<\/a><\/li>\n<li>Austrian Midwives&#039; Committee:\u00a0<a href=\"https:\/\/www.hebammen.at\/\" target=\"_blank\" rel=\"noopener noreferrer\">www.hebammen.at<\/a><\/li>\n<\/ul>","protected":false},"excerpt":{"rendered":"<p>Wissenswertes zu Schwangerschaft &#038; Geburt Aus Erfahrung wissen wir, dass sich vor allem Erstgeb\u00e4rende gerne umfassend zum Thema Schwangerschaft und Geburt informieren. Darum haben wir euch eine Liste mit interessanter Literatur und praktischen Links zusammengestellt, in der vielleicht auch noch so manche Mehrfach-Mutter neuen Input entdecken wird. Viel Spa\u00df beim Schm\u00f6kern! Informationen im Internet, B\u00fccher &#8230; <a title=\"Interesting facts\" class=\"read-more\" href=\"https:\/\/meine-hebammen.agency-11.com\/en\/wissenswertes\/\" aria-label=\"Read more about Wissenswertes\">Read more<\/a><\/p>","protected":false},"author":1,"featured_media":0,"parent":0,"menu_order":0,"comment_status":"closed","ping_status":"closed","template":"","meta":{"footnotes":""},"class_list":["post-4801","page","type-page","status-publish"],"_links":{"self":[{"href":"https:\/\/meine-hebammen.agency-11.com\/en\/wp-json\/wp\/v2\/pages\/4801","targetHints":{"allow":["GET"]}}],"collection":[{"href":"https:\/\/meine-hebammen.agency-11.com\/en\/wp-json\/wp\/v2\/pages"}],"about":[{"href":"https:\/\/meine-hebammen.agency-11.com\/en\/wp-json\/wp\/v2\/types\/page"}],"author":[{"embeddable":true,"href":"https:\/\/meine-hebammen.agency-11.com\/en\/wp-json\/wp\/v2\/users\/1"}],"replies":[{"embeddable":true,"href":"https:\/\/meine-hebammen.agency-11.com\/en\/wp-json\/wp\/v2\/comments?post=4801"}],"version-history":[{"count":3,"href":"https:\/\/meine-hebammen.agency-11.com\/en\/wp-json\/wp\/v2\/pages\/4801\/revisions"}],"predecessor-version":[{"id":5161,"href":"https:\/\/meine-hebammen.agency-11.com\/en\/wp-json\/wp\/v2\/pages\/4801\/revisions\/5161"}],"wp:attachment":[{"href":"https:\/\/meine-hebammen.agency-11.com\/en\/wp-json\/wp\/v2\/media?parent=4801"}],"curies":[{"name":"wp","href":"https:\/\/api.w.org\/{rel}","templated":true}]}}