{"id":4864,"date":"2025-01-04T15:45:40","date_gmt":"2025-01-04T14:45:40","guid":{"rendered":"https:\/\/meine-hebammen.agency-11.com\/?page_id=4864"},"modified":"2025-05-13T12:07:01","modified_gmt":"2025-05-13T10:07:01","slug":"uber-uns","status":"publish","type":"page","link":"https:\/\/meine-hebammen.agency-11.com\/en\/uber-uns\/","title":{"rendered":"About Us"},"content":{"rendered":"<h5>\n\t\tWir sind eure Hebammen vom ersten Beratungsgespr\u00e4ch, bis zur Geburt eures Kindes und je nach Wohnort in der Wochenbettbetreuung zu Hause\n\t<\/h5>\n\t<a href=\"#more\">\n    <img loading=\"lazy\" decoding=\"async\" src=\"\/wp-content\/uploads\/2024\/12\/arrow-down.svg\" alt=\"more\" width=\"24\" height=\"24\" \/>\n<\/a>\n\t\t\t\t<img loading=\"lazy\" decoding=\"async\" src=\"https:\/\/meine-hebammen.agency-11.com\/wp-content\/uploads\/2025\/05\/Gruppenfoto-Meine-Hebammen.jpg\" alt=\"Meine Hebammen Gruppenfoto\" itemprop=\"image\" height=\"959\" width=\"1440\" title=\"Gruppenfoto-Meine-Hebammen\" onerror=\"this.style.display='none'\"  \/>\n<h3>\n\t\tChristine, Pia und Heidi\n\t<\/h3>\n\t<p><strong>Mit Herz, Wissen und Respekt &#8211; wir begleiten dich durch eine besondere Zeit<\/strong><\/p>\n<p>Schwangerschaft, Geburt und Wochenbett geh\u00f6ren zu den intensivsten Erfahrungen im Leben. Es ist eine Zeit des Wandels, der Vorfreude &#8211; manchmal auch der Unsicherheit.<\/p>\n<p>Wir sind f\u00fcr dich da. Mit Erfahrung, Feingef\u00fchl und einem offenen Ohr. Als langj\u00e4hrige Hebammen &#8211; und als M\u00fctter &#8211; wissen wir, wie wertvoll eine pers\u00f6nliche Begleitung ist. Wir h\u00f6ren dir zu, nehmen deine W\u00fcnsche ernst und gestalten gemeinsam mit dir eine Betreuung, die zu dir passt.<\/p>\n<p>Unsere Arbeit ist keine Standardbetreuung. Sie ist so individuell wie du selbst. Ob du Sicherheit suchst, Raum f\u00fcr deine Entscheidungen brauchst oder einfach jemanden an deiner Seite &#8211; bei uns findest du eine vertrauensvolle Umgebung, in der du gesehen wirst.<\/p>\n<p>&nbsp;<\/p>\n\t<h3>Was uns wichtig ist:<\/h3>\n<ul>\n<li><strong>Selbstbestimmung<\/strong>: Du triffst die Entscheidungen, wir begleiten dich dabei.<\/li>\n<li><strong>Vertrauen und Respekt<\/strong>: Deine Gef\u00fchle, Gedanken und Grenzen haben bei uns Platz.<\/li>\n<li><strong>Fachkompetenz und ganzheitlicher Blick<\/strong>: Wir verbinden medizinisches Wissen mit Methoden der traditionellen Hebammenkunst.<\/li>\n<li><strong>Verl\u00e4sslichkeit<\/strong>: Wir sind f\u00fcr dich da &#8211; in der Schwangerschaft, bei der Geburt und im Wochenbett.<\/li>\n<li><strong>Zusammenarbeit<\/strong>: Wir arbeiten eng mit \u00c4rzt*innen und anderen Fachpersonen zusammen, wenn es n\u00f6tig ist.<\/li>\n<\/ul>\nUnsere Begleitung geht weit \u00fcber medizinische Vorsorge hinaus. Wir schaffen Raum &#8211; f\u00fcr dich, dein Baby und das gemeinsame Ankommen als Familie. Mit Zeit, Achtsamkeit und echtem Vertrauen.\nWeil gute Begleitung mit guter Ausbildung beginnt, geben wir unser Wissen auch an Hebammenstudentinnen weiter.\nWenn du dir eine pers\u00f6nliche, erfahrene und ehrliche Begleitung w\u00fcnschst, bist du bei uns genau richtig. Wir freuen uns auf dich.","protected":false},"excerpt":{"rendered":"<p>Wir sind eure Hebammen vom ersten Beratungsgespr\u00e4ch, bis zur Geburt eures Kindes und je nach Wohnort in der Wochenbettbetreuung zu Hause Christine, Pia und Heidi Mit Herz, Wissen und Respekt &#8211; wir begleiten dich durch eine besondere Zeit Schwangerschaft, Geburt und Wochenbett geh\u00f6ren zu den intensivsten Erfahrungen im Leben. Es ist eine Zeit des Wandels, &#8230; <a title=\"About Us\" class=\"read-more\" href=\"https:\/\/meine-hebammen.agency-11.com\/en\/uber-uns\/\" aria-label=\"Read more about \u00dcber Uns\">Read more<\/a><\/p>","protected":false},"author":1,"featured_media":0,"parent":0,"menu_order":0,"comment_status":"closed","ping_status":"closed","template":"","meta":{"footnotes":""},"class_list":["post-4864","page","type-page","status-publish"],"_links":{"self":[{"href":"https:\/\/meine-hebammen.agency-11.com\/en\/wp-json\/wp\/v2\/pages\/4864","targetHints":{"allow":["GET"]}}],"collection":[{"href":"https:\/\/meine-hebammen.agency-11.com\/en\/wp-json\/wp\/v2\/pages"}],"about":[{"href":"https:\/\/meine-hebammen.agency-11.com\/en\/wp-json\/wp\/v2\/types\/page"}],"author":[{"embeddable":true,"href":"https:\/\/meine-hebammen.agency-11.com\/en\/wp-json\/wp\/v2\/users\/1"}],"replies":[{"embeddable":true,"href":"https:\/\/meine-hebammen.agency-11.com\/en\/wp-json\/wp\/v2\/comments?post=4864"}],"version-history":[{"count":6,"href":"https:\/\/meine-hebammen.agency-11.com\/en\/wp-json\/wp\/v2\/pages\/4864\/revisions"}],"predecessor-version":[{"id":5244,"href":"https:\/\/meine-hebammen.agency-11.com\/en\/wp-json\/wp\/v2\/pages\/4864\/revisions\/5244"}],"wp:attachment":[{"href":"https:\/\/meine-hebammen.agency-11.com\/en\/wp-json\/wp\/v2\/media?parent=4864"}],"curies":[{"name":"wp","href":"https:\/\/api.w.org\/{rel}","templated":true}]}}